{"id":10191,"date":"2020-05-25T22:19:34","date_gmt":"2020-05-25T22:19:34","guid":{"rendered":"http:\/\/dabatrip.com\/?page_id=10191"},"modified":"2022-04-19T11:07:21","modified_gmt":"2022-04-19T11:07:21","slug":"activites-maroc","status":"publish","type":"page","link":"https:\/\/dabatrip.com\/fr\/activites-maroc\/","title":{"rendered":"Activit\u00e9s"},"content":{"rendered":"<p>[vc_row][vc_column][st_testimonial_new list_team=&#8221;%5B%7B%22avatar%22%3A%229977%22%2C%22name%22%3A%22Rida%20EL%20ALAOUI%22%2C%22rating%22%3A%225%22%2C%22content%22%3A%22foz)fo%20)zeof)zeo)foz)-f%20oz)e%22%2C%22source%22%3A%22dabatrip%22%7D%5D&#8221; title=&#8221;Our happy clients&#8221;][\/vc_column][\/vc_row]<\/p>\n","protected":false},"excerpt":{"rendered":"<p>[vc_row][vc_column][st_testimonial_new list_team=&#8221;%5B%7B%22avatar%22%3A%229977%22%2C%22name%22%3A%22Rida%20EL%20ALAOUI%22%2C%22rating%22%3A%225%22%2C%22content%22%3A%22foz)fo%20)zeof)zeo)foz)-f%20oz)e%22%2C%22source%22%3A%22dabatrip%22%7D%5D&#8221; title=&#8221;Our happy clients&#8221;][\/vc_column][\/vc_row]<\/p>\n","protected":false},"author":1,"featured_media":12106,"parent":0,"menu_order":0,"comment_status":"closed","ping_status":"closed","template":"template-activity-search.php","meta":{"footnotes":""},"class_list":["post-10191","page","type-page","status-publish","has-post-thumbnail","hentry"],"yoast_head":"<!-- This site is optimized with the Yoast SEO plugin v24.0 - https:\/\/yoast.com\/wordpress\/plugins\/seo\/ -->\n<title>R\u00e9servez vos activit\u00e9s pr\u00e9f\u00e9r\u00e9es au Maroc en ligne<\/title>\n<meta name=\"description\" content=\"Les meilleurs plans d&#039;activit\u00e9s disponibles au Maroc, Surf, Circuits en Quad, 4x4 ou en Buggy, Parapente ou Parachute, \u00e9quitation et vtt...\" \/>\n<meta name=\"robots\" content=\"index, follow, max-snippet:-1, max-image-preview:large, max-video-preview:-1\" \/>\n<link rel=\"canonical\" href=\"https:\/\/dabatrip.com\/fr\/activites-maroc\/\" \/>\n<meta property=\"og:locale\" content=\"fr_FR\" \/>\n<meta property=\"og:type\" content=\"article\" \/>\n<meta property=\"og:title\" content=\"R\u00e9servez vos activit\u00e9s pr\u00e9f\u00e9r\u00e9es au Maroc en ligne\" \/>\n<meta property=\"og:description\" content=\"Les meilleurs plans d&#039;activit\u00e9s disponibles au Maroc, Surf, Circuits en Quad, 4x4 ou en Buggy, Parapente ou Parachute, \u00e9quitation et vtt...\" \/>\n<meta property=\"og:url\" content=\"https:\/\/dabatrip.com\/fr\/activites-maroc\/\" \/>\n<meta property=\"og:site_name\" content=\"dabatrip\" \/>\n<meta property=\"article:publisher\" content=\"https:\/\/facebook.com\/dabatrip\" \/>\n<meta property=\"article:modified_time\" content=\"2022-04-19T11:07:21+00:00\" \/>\n<meta property=\"og:image\" content=\"http:\/\/dabatrip.com\/cdn\/2022\/03\/bg-activity-dabatrip.jpg\" \/>\n\t<meta property=\"og:image:width\" content=\"1417\" \/>\n\t<meta property=\"og:image:height\" content=\"681\" \/>\n\t<meta property=\"og:image:type\" content=\"image\/jpeg\" \/>\n<meta name=\"twitter:card\" content=\"summary_large_image\" \/>\n<script type=\"application\/ld+json\" class=\"yoast-schema-graph\">{\"@context\":\"https:\/\/schema.org\",\"@graph\":[{\"@type\":\"WebPage\",\"@id\":\"https:\/\/dabatrip.com\/fr\/activites-maroc\/\",\"url\":\"https:\/\/dabatrip.com\/fr\/activites-maroc\/\",\"name\":\"R\u00e9servez vos activit\u00e9s pr\u00e9f\u00e9r\u00e9es au Maroc en ligne\",\"isPartOf\":{\"@id\":\"https:\/\/dabatrip.com\/fr\/#website\"},\"primaryImageOfPage\":{\"@id\":\"https:\/\/dabatrip.com\/fr\/activites-maroc\/#primaryimage\"},\"image\":{\"@id\":\"https:\/\/dabatrip.com\/fr\/activites-maroc\/#primaryimage\"},\"thumbnailUrl\":\"https:\/\/dabatrip.com\/cdn\/2022\/03\/bg-activity-dabatrip.jpg\",\"datePublished\":\"2020-05-25T22:19:34+00:00\",\"dateModified\":\"2022-04-19T11:07:21+00:00\",\"description\":\"Les meilleurs plans d'activit\u00e9s disponibles au Maroc, Surf, Circuits en Quad, 4x4 ou en Buggy, Parapente ou Parachute, \u00e9quitation et vtt...\",\"breadcrumb\":{\"@id\":\"https:\/\/dabatrip.com\/fr\/activites-maroc\/#breadcrumb\"},\"inLanguage\":\"fr-FR\",\"potentialAction\":[{\"@type\":\"ReadAction\",\"target\":[\"https:\/\/dabatrip.com\/fr\/activites-maroc\/\"]}]},{\"@type\":\"ImageObject\",\"inLanguage\":\"fr-FR\",\"@id\":\"https:\/\/dabatrip.com\/fr\/activites-maroc\/#primaryimage\",\"url\":\"https:\/\/dabatrip.com\/cdn\/2022\/03\/bg-activity-dabatrip.jpg\",\"contentUrl\":\"https:\/\/dabatrip.com\/cdn\/2022\/03\/bg-activity-dabatrip.jpg\",\"width\":1417,\"height\":681},{\"@type\":\"BreadcrumbList\",\"@id\":\"https:\/\/dabatrip.com\/fr\/activites-maroc\/#breadcrumb\",\"itemListElement\":[{\"@type\":\"ListItem\",\"position\":1,\"name\":\"Accueil\",\"item\":\"https:\/\/dabatrip.com\/fr\/tour-home-page-2\/\"},{\"@type\":\"ListItem\",\"position\":2,\"name\":\"Activit\u00e9s\"}]},{\"@type\":\"WebSite\",\"@id\":\"https:\/\/dabatrip.com\/fr\/#website\",\"url\":\"https:\/\/dabatrip.com\/fr\/\",\"name\":\"dabatrip\",\"description\":\"Votre aventure commence ici\",\"publisher\":{\"@id\":\"https:\/\/dabatrip.com\/fr\/#organization\"},\"alternateName\":\"tours and activites in morocco\",\"potentialAction\":[{\"@type\":\"SearchAction\",\"target\":{\"@type\":\"EntryPoint\",\"urlTemplate\":\"https:\/\/dabatrip.com\/fr\/?s={search_term_string}\"},\"query-input\":{\"@type\":\"PropertyValueSpecification\",\"valueRequired\":true,\"valueName\":\"search_term_string\"}}],\"inLanguage\":\"fr-FR\"},{\"@type\":\"Organization\",\"@id\":\"https:\/\/dabatrip.com\/fr\/#organization\",\"name\":\"Dabatrip.com\",\"url\":\"https:\/\/dabatrip.com\/fr\/\",\"logo\":{\"@type\":\"ImageObject\",\"inLanguage\":\"fr-FR\",\"@id\":\"https:\/\/dabatrip.com\/fr\/#\/schema\/logo\/image\/\",\"url\":\"https:\/\/dabatrip.com\/cdn\/2020\/10\/logodabatrip.svg\",\"contentUrl\":\"https:\/\/dabatrip.com\/cdn\/2020\/10\/logodabatrip.svg\",\"width\":57,\"height\":10,\"caption\":\"Dabatrip.com\"},\"image\":{\"@id\":\"https:\/\/dabatrip.com\/fr\/#\/schema\/logo\/image\/\"},\"sameAs\":[\"https:\/\/facebook.com\/dabatrip\",\"https:\/\/instagram.com\/dabatrip\",\"https:\/\/www.linkedin.com\/company\/geektrip\",\"https:\/\/youtube.com\/geektripma\"]}]}<\/script>\n<!-- \/ Yoast SEO plugin. -->","yoast_head_json":{"title":"R\u00e9servez vos activit\u00e9s pr\u00e9f\u00e9r\u00e9es au Maroc en ligne","description":"Les meilleurs plans d'activit\u00e9s disponibles au Maroc, Surf, Circuits en Quad, 4x4 ou en Buggy, Parapente ou Parachute, \u00e9quitation et vtt...","robots":{"index":"index","follow":"follow","max-snippet":"max-snippet:-1","max-image-preview":"max-image-preview:large","max-video-preview":"max-video-preview:-1"},"canonical":"https:\/\/dabatrip.com\/fr\/activites-maroc\/","og_locale":"fr_FR","og_type":"article","og_title":"R\u00e9servez vos activit\u00e9s pr\u00e9f\u00e9r\u00e9es au Maroc en ligne","og_description":"Les meilleurs plans d'activit\u00e9s disponibles au Maroc, Surf, Circuits en Quad, 4x4 ou en Buggy, Parapente ou Parachute, \u00e9quitation et vtt...","og_url":"https:\/\/dabatrip.com\/fr\/activites-maroc\/","og_site_name":"dabatrip","article_publisher":"https:\/\/facebook.com\/dabatrip","article_modified_time":"2022-04-19T11:07:21+00:00","og_image":[{"width":1417,"height":681,"url":"http:\/\/dabatrip.com\/cdn\/2022\/03\/bg-activity-dabatrip.jpg","type":"image\/jpeg"}],"twitter_card":"summary_large_image","schema":{"@context":"https:\/\/schema.org","@graph":[{"@type":"WebPage","@id":"https:\/\/dabatrip.com\/fr\/activites-maroc\/","url":"https:\/\/dabatrip.com\/fr\/activites-maroc\/","name":"R\u00e9servez vos activit\u00e9s pr\u00e9f\u00e9r\u00e9es au Maroc en ligne","isPartOf":{"@id":"https:\/\/dabatrip.com\/fr\/#website"},"primaryImageOfPage":{"@id":"https:\/\/dabatrip.com\/fr\/activites-maroc\/#primaryimage"},"image":{"@id":"https:\/\/dabatrip.com\/fr\/activites-maroc\/#primaryimage"},"thumbnailUrl":"https:\/\/dabatrip.com\/cdn\/2022\/03\/bg-activity-dabatrip.jpg","datePublished":"2020-05-25T22:19:34+00:00","dateModified":"2022-04-19T11:07:21+00:00","description":"Les meilleurs plans d'activit\u00e9s disponibles au Maroc, Surf, Circuits en Quad, 4x4 ou en Buggy, Parapente ou Parachute, \u00e9quitation et vtt...","breadcrumb":{"@id":"https:\/\/dabatrip.com\/fr\/activites-maroc\/#breadcrumb"},"inLanguage":"fr-FR","potentialAction":[{"@type":"ReadAction","target":["https:\/\/dabatrip.com\/fr\/activites-maroc\/"]}]},{"@type":"ImageObject","inLanguage":"fr-FR","@id":"https:\/\/dabatrip.com\/fr\/activites-maroc\/#primaryimage","url":"https:\/\/dabatrip.com\/cdn\/2022\/03\/bg-activity-dabatrip.jpg","contentUrl":"https:\/\/dabatrip.com\/cdn\/2022\/03\/bg-activity-dabatrip.jpg","width":1417,"height":681},{"@type":"BreadcrumbList","@id":"https:\/\/dabatrip.com\/fr\/activites-maroc\/#breadcrumb","itemListElement":[{"@type":"ListItem","position":1,"name":"Accueil","item":"https:\/\/dabatrip.com\/fr\/tour-home-page-2\/"},{"@type":"ListItem","position":2,"name":"Activit\u00e9s"}]},{"@type":"WebSite","@id":"https:\/\/dabatrip.com\/fr\/#website","url":"https:\/\/dabatrip.com\/fr\/","name":"dabatrip","description":"Votre aventure commence ici","publisher":{"@id":"https:\/\/dabatrip.com\/fr\/#organization"},"alternateName":"tours and activites in morocco","potentialAction":[{"@type":"SearchAction","target":{"@type":"EntryPoint","urlTemplate":"https:\/\/dabatrip.com\/fr\/?s={search_term_string}"},"query-input":{"@type":"PropertyValueSpecification","valueRequired":true,"valueName":"search_term_string"}}],"inLanguage":"fr-FR"},{"@type":"Organization","@id":"https:\/\/dabatrip.com\/fr\/#organization","name":"Dabatrip.com","url":"https:\/\/dabatrip.com\/fr\/","logo":{"@type":"ImageObject","inLanguage":"fr-FR","@id":"https:\/\/dabatrip.com\/fr\/#\/schema\/logo\/image\/","url":"https:\/\/dabatrip.com\/cdn\/2020\/10\/logodabatrip.svg","contentUrl":"https:\/\/dabatrip.com\/cdn\/2020\/10\/logodabatrip.svg","width":57,"height":10,"caption":"Dabatrip.com"},"image":{"@id":"https:\/\/dabatrip.com\/fr\/#\/schema\/logo\/image\/"},"sameAs":["https:\/\/facebook.com\/dabatrip","https:\/\/instagram.com\/dabatrip","https:\/\/www.linkedin.com\/company\/geektrip","https:\/\/youtube.com\/geektripma"]}]}},"_links":{"self":[{"href":"https:\/\/dabatrip.com\/fr\/wp-json\/wp\/v2\/pages\/10191","targetHints":{"allow":["GET"]}}],"collection":[{"href":"https:\/\/dabatrip.com\/fr\/wp-json\/wp\/v2\/pages"}],"about":[{"href":"https:\/\/dabatrip.com\/fr\/wp-json\/wp\/v2\/types\/page"}],"author":[{"embeddable":true,"href":"https:\/\/dabatrip.com\/fr\/wp-json\/wp\/v2\/users\/1"}],"replies":[{"embeddable":true,"href":"https:\/\/dabatrip.com\/fr\/wp-json\/wp\/v2\/comments?post=10191"}],"version-history":[{"count":0,"href":"https:\/\/dabatrip.com\/fr\/wp-json\/wp\/v2\/pages\/10191\/revisions"}],"wp:featuredmedia":[{"embeddable":true,"href":"https:\/\/dabatrip.com\/fr\/wp-json\/wp\/v2\/media\/12106"}],"wp:attachment":[{"href":"https:\/\/dabatrip.com\/fr\/wp-json\/wp\/v2\/media?parent=10191"}],"curies":[{"name":"wp","href":"https:\/\/api.w.org\/{rel}","templated":true}]}}