{"id":13699,"date":"2022-09-14T16:24:50","date_gmt":"2022-09-14T16:24:50","guid":{"rendered":"https:\/\/dabatrip.com\/tours-and-bike-rental-in-morocco\/"},"modified":"2022-09-15T10:24:08","modified_gmt":"2022-09-15T10:24:08","slug":"circuits-et-location-de-velos-au-maroc","status":"publish","type":"page","link":"https:\/\/dabatrip.com\/fr\/circuits-et-location-de-velos-au-maroc\/","title":{"rendered":"Circuits et location de v\u00e9los au Maroc"},"content":{"rendered":"<p>[vc_row][vc_column width=&#8221;1\/2&#8243;][st_title_line header_title=&#8221;Louez votre v\u00e9lo d\u00e8s maintenant&#8221; layout_title=&#8221;st_default&#8221; style_layout=&#8221;style-9&#8243;]Louez un v\u00e9lo au Maroc pour une heure, 2 heures ou plus ou m\u00eame une journ\u00e9e, le week-end ou toute la dur\u00e9e de votre s\u00e9jour et ayez la libert\u00e9 de d\u00e9couvrir tout ce que le Maroc a \u00e0 offrir sur deux roues!<\/p>\n<p>Nous fournissons des v\u00e9los urbain de haute qualit\u00e9 et pouvons vous donner des suggestions d&#8217;itin\u00e9raire pour vous aider \u00e0 planifier votre aventure.[\/st_title_line][\/vc_column][vc_column width=&#8221;1\/2&#8243;][vc_single_image image=&#8221;13704&#8243; img_size=&#8221;medium&#8221; style=&#8221;vc_box_rounded&#8221;][\/vc_column][\/vc_row][vc_row][vc_column][st_title_line header_title=&#8221;Offres de circuits et de locations disponibles :&#8221; layout_title=&#8221;st_default&#8221;][\/st_title_line][st_list_of_services_new service=&#8221;st_activity&#8221; posts_per_page=&#8221;8&#8243; ids=&#8221;13123, 13511, 8544,13535,12825&#8243;][\/vc_column][\/vc_row]<\/p>\n","protected":false},"excerpt":{"rendered":"<p>[vc_row][vc_column width=&#8221;1\/2&#8243;][st_title_line header_title=&#8221;Louez votre v\u00e9lo d\u00e8s maintenant&#8221; layout_title=&#8221;st_default&#8221; style_layout=&#8221;style-9&#8243;]Louez un v\u00e9lo au Maroc pour une heure, 2 heures ou plus ou m\u00eame une journ\u00e9e, le week-end ou toute la dur\u00e9e de votre s\u00e9jour et ayez la libert\u00e9 de d\u00e9couvrir tout ce que le Maroc a \u00e0 offrir sur deux roues! Nous fournissons des v\u00e9los urbain [&hellip;]<\/p>\n","protected":false},"author":1,"featured_media":13700,"parent":0,"menu_order":0,"comment_status":"closed","ping_status":"closed","template":"elementor_header_footer","meta":{"footnotes":""},"class_list":["post-13699","page","type-page","status-publish","has-post-thumbnail","hentry"],"yoast_head":"<!-- This site is optimized with the Yoast SEO plugin v24.0 - https:\/\/yoast.com\/wordpress\/plugins\/seo\/ -->\n<title>Circuits et location de v\u00e9los au Maroc -<\/title>\n<meta name=\"description\" content=\"R\u00e9servation de circuits organis\u00e9s en v\u00e9lo, location de v\u00e9los urbain partout au Maroc \u00e0 partir de 40 dh par heure\" \/>\n<meta name=\"robots\" content=\"index, follow, max-snippet:-1, max-image-preview:large, max-video-preview:-1\" \/>\n<link rel=\"canonical\" href=\"https:\/\/dabatrip.com\/fr\/circuits-et-location-de-velos-au-maroc\/\" \/>\n<meta property=\"og:locale\" content=\"fr_FR\" \/>\n<meta property=\"og:type\" content=\"article\" \/>\n<meta property=\"og:title\" content=\"Circuits et location de v\u00e9los au Maroc -\" \/>\n<meta property=\"og:description\" content=\"R\u00e9servation de circuits organis\u00e9s en v\u00e9lo, location de v\u00e9los urbain partout au Maroc \u00e0 partir de 40 dh par heure\" \/>\n<meta property=\"og:url\" content=\"https:\/\/dabatrip.com\/fr\/circuits-et-location-de-velos-au-maroc\/\" \/>\n<meta property=\"og:site_name\" content=\"dabatrip\" \/>\n<meta property=\"article:publisher\" content=\"https:\/\/facebook.com\/dabatrip\" \/>\n<meta property=\"article:modified_time\" content=\"2022-09-15T10:24:08+00:00\" \/>\n<meta property=\"og:image\" content=\"http:\/\/dabatrip.com\/cdn\/2022\/09\/rent-bike-en.jpg\" \/>\n\t<meta property=\"og:image:width\" content=\"950\" \/>\n\t<meta property=\"og:image:height\" content=\"812\" \/>\n\t<meta property=\"og:image:type\" content=\"image\/jpeg\" \/>\n<meta name=\"twitter:card\" content=\"summary_large_image\" \/>\n<meta name=\"twitter:label1\" content=\"Dur\u00e9e de lecture estim\u00e9e\" \/>\n\t<meta name=\"twitter:data1\" content=\"1 minute\" \/>\n<script type=\"application\/ld+json\" class=\"yoast-schema-graph\">{\"@context\":\"https:\/\/schema.org\",\"@graph\":[{\"@type\":\"WebPage\",\"@id\":\"https:\/\/dabatrip.com\/fr\/circuits-et-location-de-velos-au-maroc\/\",\"url\":\"https:\/\/dabatrip.com\/fr\/circuits-et-location-de-velos-au-maroc\/\",\"name\":\"Circuits et location de v\u00e9los au Maroc -\",\"isPartOf\":{\"@id\":\"https:\/\/dabatrip.com\/fr\/#website\"},\"primaryImageOfPage\":{\"@id\":\"https:\/\/dabatrip.com\/fr\/circuits-et-location-de-velos-au-maroc\/#primaryimage\"},\"image\":{\"@id\":\"https:\/\/dabatrip.com\/fr\/circuits-et-location-de-velos-au-maroc\/#primaryimage\"},\"thumbnailUrl\":\"https:\/\/dabatrip.com\/cdn\/2019\/05\/background-dabatrip-partner.jpg\",\"datePublished\":\"2022-09-14T16:24:50+00:00\",\"dateModified\":\"2022-09-15T10:24:08+00:00\",\"description\":\"R\u00e9servation de circuits organis\u00e9s en v\u00e9lo, location de v\u00e9los urbain partout au Maroc \u00e0 partir de 40 dh par heure\",\"breadcrumb\":{\"@id\":\"https:\/\/dabatrip.com\/fr\/circuits-et-location-de-velos-au-maroc\/#breadcrumb\"},\"inLanguage\":\"fr-FR\",\"potentialAction\":[{\"@type\":\"ReadAction\",\"target\":[\"https:\/\/dabatrip.com\/fr\/circuits-et-location-de-velos-au-maroc\/\"]}]},{\"@type\":\"ImageObject\",\"inLanguage\":\"fr-FR\",\"@id\":\"https:\/\/dabatrip.com\/fr\/circuits-et-location-de-velos-au-maroc\/#primaryimage\",\"url\":\"https:\/\/dabatrip.com\/cdn\/2019\/05\/background-dabatrip-partner.jpg\",\"contentUrl\":\"https:\/\/dabatrip.com\/cdn\/2019\/05\/background-dabatrip-partner.jpg\",\"width\":1402,\"height\":709},{\"@type\":\"BreadcrumbList\",\"@id\":\"https:\/\/dabatrip.com\/fr\/circuits-et-location-de-velos-au-maroc\/#breadcrumb\",\"itemListElement\":[{\"@type\":\"ListItem\",\"position\":1,\"name\":\"Accueil\",\"item\":\"https:\/\/dabatrip.com\/fr\/tour-home-page-2\/\"},{\"@type\":\"ListItem\",\"position\":2,\"name\":\"Circuits et location de v\u00e9los au Maroc\"}]},{\"@type\":\"WebSite\",\"@id\":\"https:\/\/dabatrip.com\/fr\/#website\",\"url\":\"https:\/\/dabatrip.com\/fr\/\",\"name\":\"dabatrip\",\"description\":\"Votre aventure commence ici\",\"publisher\":{\"@id\":\"https:\/\/dabatrip.com\/fr\/#organization\"},\"alternateName\":\"tours and activites in morocco\",\"potentialAction\":[{\"@type\":\"SearchAction\",\"target\":{\"@type\":\"EntryPoint\",\"urlTemplate\":\"https:\/\/dabatrip.com\/fr\/?s={search_term_string}\"},\"query-input\":{\"@type\":\"PropertyValueSpecification\",\"valueRequired\":true,\"valueName\":\"search_term_string\"}}],\"inLanguage\":\"fr-FR\"},{\"@type\":\"Organization\",\"@id\":\"https:\/\/dabatrip.com\/fr\/#organization\",\"name\":\"Dabatrip.com\",\"url\":\"https:\/\/dabatrip.com\/fr\/\",\"logo\":{\"@type\":\"ImageObject\",\"inLanguage\":\"fr-FR\",\"@id\":\"https:\/\/dabatrip.com\/fr\/#\/schema\/logo\/image\/\",\"url\":\"https:\/\/dabatrip.com\/cdn\/2020\/10\/logodabatrip.svg\",\"contentUrl\":\"https:\/\/dabatrip.com\/cdn\/2020\/10\/logodabatrip.svg\",\"width\":57,\"height\":10,\"caption\":\"Dabatrip.com\"},\"image\":{\"@id\":\"https:\/\/dabatrip.com\/fr\/#\/schema\/logo\/image\/\"},\"sameAs\":[\"https:\/\/facebook.com\/dabatrip\",\"https:\/\/instagram.com\/dabatrip\",\"https:\/\/www.linkedin.com\/company\/geektrip\",\"https:\/\/youtube.com\/geektripma\"]}]}<\/script>\n<!-- \/ Yoast SEO plugin. -->","yoast_head_json":{"title":"Circuits et location de v\u00e9los au Maroc -","description":"R\u00e9servation de circuits organis\u00e9s en v\u00e9lo, location de v\u00e9los urbain partout au Maroc \u00e0 partir de 40 dh par heure","robots":{"index":"index","follow":"follow","max-snippet":"max-snippet:-1","max-image-preview":"max-image-preview:large","max-video-preview":"max-video-preview:-1"},"canonical":"https:\/\/dabatrip.com\/fr\/circuits-et-location-de-velos-au-maroc\/","og_locale":"fr_FR","og_type":"article","og_title":"Circuits et location de v\u00e9los au Maroc -","og_description":"R\u00e9servation de circuits organis\u00e9s en v\u00e9lo, location de v\u00e9los urbain partout au Maroc \u00e0 partir de 40 dh par heure","og_url":"https:\/\/dabatrip.com\/fr\/circuits-et-location-de-velos-au-maroc\/","og_site_name":"dabatrip","article_publisher":"https:\/\/facebook.com\/dabatrip","article_modified_time":"2022-09-15T10:24:08+00:00","og_image":[{"width":950,"height":812,"url":"http:\/\/dabatrip.com\/cdn\/2022\/09\/rent-bike-en.jpg","type":"image\/jpeg"}],"twitter_card":"summary_large_image","twitter_misc":{"Dur\u00e9e de lecture estim\u00e9e":"1 minute"},"schema":{"@context":"https:\/\/schema.org","@graph":[{"@type":"WebPage","@id":"https:\/\/dabatrip.com\/fr\/circuits-et-location-de-velos-au-maroc\/","url":"https:\/\/dabatrip.com\/fr\/circuits-et-location-de-velos-au-maroc\/","name":"Circuits et location de v\u00e9los au Maroc -","isPartOf":{"@id":"https:\/\/dabatrip.com\/fr\/#website"},"primaryImageOfPage":{"@id":"https:\/\/dabatrip.com\/fr\/circuits-et-location-de-velos-au-maroc\/#primaryimage"},"image":{"@id":"https:\/\/dabatrip.com\/fr\/circuits-et-location-de-velos-au-maroc\/#primaryimage"},"thumbnailUrl":"https:\/\/dabatrip.com\/cdn\/2019\/05\/background-dabatrip-partner.jpg","datePublished":"2022-09-14T16:24:50+00:00","dateModified":"2022-09-15T10:24:08+00:00","description":"R\u00e9servation de circuits organis\u00e9s en v\u00e9lo, location de v\u00e9los urbain partout au Maroc \u00e0 partir de 40 dh par heure","breadcrumb":{"@id":"https:\/\/dabatrip.com\/fr\/circuits-et-location-de-velos-au-maroc\/#breadcrumb"},"inLanguage":"fr-FR","potentialAction":[{"@type":"ReadAction","target":["https:\/\/dabatrip.com\/fr\/circuits-et-location-de-velos-au-maroc\/"]}]},{"@type":"ImageObject","inLanguage":"fr-FR","@id":"https:\/\/dabatrip.com\/fr\/circuits-et-location-de-velos-au-maroc\/#primaryimage","url":"https:\/\/dabatrip.com\/cdn\/2019\/05\/background-dabatrip-partner.jpg","contentUrl":"https:\/\/dabatrip.com\/cdn\/2019\/05\/background-dabatrip-partner.jpg","width":1402,"height":709},{"@type":"BreadcrumbList","@id":"https:\/\/dabatrip.com\/fr\/circuits-et-location-de-velos-au-maroc\/#breadcrumb","itemListElement":[{"@type":"ListItem","position":1,"name":"Accueil","item":"https:\/\/dabatrip.com\/fr\/tour-home-page-2\/"},{"@type":"ListItem","position":2,"name":"Circuits et location de v\u00e9los au Maroc"}]},{"@type":"WebSite","@id":"https:\/\/dabatrip.com\/fr\/#website","url":"https:\/\/dabatrip.com\/fr\/","name":"dabatrip","description":"Votre aventure commence ici","publisher":{"@id":"https:\/\/dabatrip.com\/fr\/#organization"},"alternateName":"tours and activites in morocco","potentialAction":[{"@type":"SearchAction","target":{"@type":"EntryPoint","urlTemplate":"https:\/\/dabatrip.com\/fr\/?s={search_term_string}"},"query-input":{"@type":"PropertyValueSpecification","valueRequired":true,"valueName":"search_term_string"}}],"inLanguage":"fr-FR"},{"@type":"Organization","@id":"https:\/\/dabatrip.com\/fr\/#organization","name":"Dabatrip.com","url":"https:\/\/dabatrip.com\/fr\/","logo":{"@type":"ImageObject","inLanguage":"fr-FR","@id":"https:\/\/dabatrip.com\/fr\/#\/schema\/logo\/image\/","url":"https:\/\/dabatrip.com\/cdn\/2020\/10\/logodabatrip.svg","contentUrl":"https:\/\/dabatrip.com\/cdn\/2020\/10\/logodabatrip.svg","width":57,"height":10,"caption":"Dabatrip.com"},"image":{"@id":"https:\/\/dabatrip.com\/fr\/#\/schema\/logo\/image\/"},"sameAs":["https:\/\/facebook.com\/dabatrip","https:\/\/instagram.com\/dabatrip","https:\/\/www.linkedin.com\/company\/geektrip","https:\/\/youtube.com\/geektripma"]}]}},"_links":{"self":[{"href":"https:\/\/dabatrip.com\/fr\/wp-json\/wp\/v2\/pages\/13699","targetHints":{"allow":["GET"]}}],"collection":[{"href":"https:\/\/dabatrip.com\/fr\/wp-json\/wp\/v2\/pages"}],"about":[{"href":"https:\/\/dabatrip.com\/fr\/wp-json\/wp\/v2\/types\/page"}],"author":[{"embeddable":true,"href":"https:\/\/dabatrip.com\/fr\/wp-json\/wp\/v2\/users\/1"}],"replies":[{"embeddable":true,"href":"https:\/\/dabatrip.com\/fr\/wp-json\/wp\/v2\/comments?post=13699"}],"version-history":[{"count":0,"href":"https:\/\/dabatrip.com\/fr\/wp-json\/wp\/v2\/pages\/13699\/revisions"}],"wp:featuredmedia":[{"embeddable":true,"href":"https:\/\/dabatrip.com\/fr\/wp-json\/wp\/v2\/media\/13700"}],"wp:attachment":[{"href":"https:\/\/dabatrip.com\/fr\/wp-json\/wp\/v2\/media?parent=13699"}],"curies":[{"name":"wp","href":"https:\/\/api.w.org\/{rel}","templated":true}]}}