{"id":3,"date":"2019-05-16T11:43:13","date_gmt":"2019-05-16T11:43:13","guid":{"rendered":"https:\/\/geektrip.ma\/travelgo\/?page_id=3"},"modified":"2020-05-09T23:55:13","modified_gmt":"2020-05-09T23:55:13","slug":"privacy-policy","status":"publish","type":"page","link":"https:\/\/dabatrip.com\/fr\/privacy-policy\/","title":{"rendered":"Protection des donn\u00e9es personnelles"},"content":{"rendered":"\n<h3 class=\"wp-block-heading\">Vos donn\u00e9es personnelles<\/h3>\n\n\n\n<p>Aucune information personnelle n\u2019est collect\u00e9e \u00e0 votre insu. Dans une logique de respect de la vie priv\u00e9e,\u00a0DABATRIP\u00a0s\u2019engage \u00e0 ce que la collecte et le traitement d\u2019informations personnelles soient effectu\u00e9s conform\u00e9ment \u00e0 la loi n\u00a0\u00b0\u00a009-08 du 18 f\u00e9vrier 2009 relative \u00e0 la protection des personnes physiques \u00e0 l\u2019\u00e9gard du traitement des donn\u00e9es \u00e0 caract\u00e8re personnel.\u00a0<\/p>\n\n\n\n<p>Aucune information personnelle n\u2019est c\u00e9d\u00e9e \u00e0 des tiers.<\/p>\n\n\n\n<p>Conform\u00e9ment aux dispositions de la loi 09-08,\u00a0\u00a0DABATRIP\u00a0\u00a0garantit \u00e0 l\u2019utilisateur un droit d\u2019\u00a0acc\u00e8s, de rectification et d\u2019opposition sur les donn\u00e9es nominatives le concernant. L\u2019utilisateur a la possibilit\u00e9 d\u2019exercer ce droit en envoyant un courrier \u00e9lectronique \u00e0 l\u2019adresse suivante :<\/p>\n\n\n\n<p><strong>contact@dabatrip.com<\/strong><\/p>\n\n\n\n<p>Ce site est en cours de d\u00e9claration \u00e0 la CNDP.<\/p>\n\n\n\n<p><\/p>\n\n\n\n<h3 class=\"wp-block-heading\">Les cookies<\/h3>\n\n\n\n<p>Dans le cadre de l\u2019am\u00e9lioration de ses services, des cookies pourront \u00eatre plac\u00e9s sur l\u2019ordinateur de l\u2019utilisateur en vue de g\u00e9n\u00e9rer des statistiques sur l\u2019utilisation du ou des site(s) Internet de DABATRIP\u00a0(les pages les plus visit\u00e9es, la fr\u00e9quence d\u2019\u00a0acc\u00a0\u00e8s au site, etc&#8230;).<br><br>Les statistiques g\u00e9n\u00e9r\u00e9es \u00e0 l\u2019aide de ces cookies sont conserv\u00e9es pour une dur\u00e9e d\u2019une ann\u00e9e\u00a0.<\/p>\n\n\n\n<h3 class=\"wp-block-heading\">Formulaire de contact<\/h3>\n\n\n\n<p>Les informations personnelles communiqu\u00e9es \u00e0 DABATRIP via les diff\u00e9rents formulaires de contact sont utilis\u00e9es uniquement pour r\u00e9pondre aux requ\u00eates de l\u2019utilisateur.<\/p>\n\n\n\n<p>Elles sont conserv\u00e9es pendant la dur\u00e9e n\u00e9cessaire \u00e0 l\u2019instruction des demandes, ne sont accessibles qu\u2019aux services comp\u00e9tents de DABATRIP et ne sont communiqu\u00e9es \u00e0 aucun tiers.<\/p>\n\n\n\n<h3 class=\"wp-block-heading\">E-\u00a0Newsletter\u00a0promotionnelles<\/h3>\n\n\n\n<p>En communiquant l\u2019\u00a0adresse e-mail, l\u00a0\u2019utilisateur accepte de recevoir r\u00e9guli\u00e8rement un courriel l\u2019informant des diff\u00e9rentes offres promotionnelles de DABATRIP L\u00a0\u2019adresse \u00e9lectronique est conserv\u00e9e par le voyagiste tant que l\u2019utilisateur consentira \u00e0 recevoir les offres promotionnelles.<\/p>\n\n\n\n<p>Pour plus d\u2019informations, veuillez Nous contacter.<\/p>\n\n\n\n<p><\/p>\n","protected":false},"excerpt":{"rendered":"<p>Vos donn\u00e9es personnelles Aucune information personnelle n\u2019est collect\u00e9e \u00e0 votre insu. Dans une logique de respect de la vie priv\u00e9e,\u00a0DABATRIP\u00a0s\u2019engage \u00e0 ce que la collecte et le traitement d\u2019informations personnelles soient effectu\u00e9s conform\u00e9ment \u00e0 la loi n\u00a0\u00b0\u00a009-08 du 18 f\u00e9vrier 2009 relative \u00e0 la protection des personnes physiques \u00e0 l\u2019\u00e9gard du traitement des donn\u00e9es \u00e0 [&hellip;]<\/p>\n","protected":false},"author":1,"featured_media":9906,"parent":0,"menu_order":0,"comment_status":"closed","ping_status":"open","template":"template-home-modern.php","meta":{"footnotes":""},"class_list":["post-3","page","type-page","status-publish","has-post-thumbnail","hentry"],"yoast_head":"<!-- This site is optimized with the Yoast SEO plugin v24.0 - https:\/\/yoast.com\/wordpress\/plugins\/seo\/ -->\n<title>Protection des donn\u00e9es personnelles - dabatrip<\/title>\n<meta name=\"robots\" content=\"index, follow, max-snippet:-1, max-image-preview:large, max-video-preview:-1\" \/>\n<link rel=\"canonical\" href=\"https:\/\/dabatrip.com\/fr\/privacy-policy\/\" \/>\n<meta property=\"og:locale\" content=\"fr_FR\" \/>\n<meta property=\"og:type\" content=\"article\" \/>\n<meta property=\"og:title\" content=\"Protection des donn\u00e9es personnelles - dabatrip\" \/>\n<meta property=\"og:description\" content=\"Vos donn\u00e9es personnelles Aucune information personnelle n\u2019est collect\u00e9e \u00e0 votre insu. Dans une logique de respect de la vie priv\u00e9e,\u00a0DABATRIP\u00a0s\u2019engage \u00e0 ce que la collecte et le traitement d\u2019informations personnelles soient effectu\u00e9s conform\u00e9ment \u00e0 la loi n\u00a0\u00b0\u00a009-08 du 18 f\u00e9vrier 2009 relative \u00e0 la protection des personnes physiques \u00e0 l\u2019\u00e9gard du traitement des donn\u00e9es \u00e0 [&hellip;]\" \/>\n<meta property=\"og:url\" content=\"https:\/\/dabatrip.com\/fr\/privacy-policy\/\" \/>\n<meta property=\"og:site_name\" content=\"dabatrip\" \/>\n<meta property=\"article:publisher\" content=\"https:\/\/facebook.com\/dabatrip\" \/>\n<meta property=\"article:modified_time\" content=\"2020-05-09T23:55:13+00:00\" \/>\n<meta property=\"og:image\" content=\"http:\/\/dabatrip.com\/cdn\/2020\/01\/cover-search4.jpg\" \/>\n\t<meta property=\"og:image:width\" content=\"1200\" \/>\n\t<meta property=\"og:image:height\" content=\"900\" \/>\n\t<meta property=\"og:image:type\" content=\"image\/jpeg\" \/>\n<meta name=\"twitter:card\" content=\"summary_large_image\" \/>\n<meta name=\"twitter:label1\" content=\"Dur\u00e9e de lecture estim\u00e9e\" \/>\n\t<meta name=\"twitter:data1\" content=\"2 minutes\" \/>\n<script type=\"application\/ld+json\" class=\"yoast-schema-graph\">{\"@context\":\"https:\/\/schema.org\",\"@graph\":[{\"@type\":\"WebPage\",\"@id\":\"https:\/\/dabatrip.com\/fr\/privacy-policy\/\",\"url\":\"https:\/\/dabatrip.com\/fr\/privacy-policy\/\",\"name\":\"Protection des donn\u00e9es personnelles - dabatrip\",\"isPartOf\":{\"@id\":\"https:\/\/dabatrip.com\/fr\/#website\"},\"primaryImageOfPage\":{\"@id\":\"https:\/\/dabatrip.com\/fr\/privacy-policy\/#primaryimage\"},\"image\":{\"@id\":\"https:\/\/dabatrip.com\/fr\/privacy-policy\/#primaryimage\"},\"thumbnailUrl\":\"https:\/\/dabatrip.com\/cdn\/2020\/01\/cover-search4.jpg\",\"datePublished\":\"2019-05-16T11:43:13+00:00\",\"dateModified\":\"2020-05-09T23:55:13+00:00\",\"breadcrumb\":{\"@id\":\"https:\/\/dabatrip.com\/fr\/privacy-policy\/#breadcrumb\"},\"inLanguage\":\"fr-FR\",\"potentialAction\":[{\"@type\":\"ReadAction\",\"target\":[\"https:\/\/dabatrip.com\/fr\/privacy-policy\/\"]}]},{\"@type\":\"ImageObject\",\"inLanguage\":\"fr-FR\",\"@id\":\"https:\/\/dabatrip.com\/fr\/privacy-policy\/#primaryimage\",\"url\":\"https:\/\/dabatrip.com\/cdn\/2020\/01\/cover-search4.jpg\",\"contentUrl\":\"https:\/\/dabatrip.com\/cdn\/2020\/01\/cover-search4.jpg\",\"width\":1200,\"height\":900},{\"@type\":\"BreadcrumbList\",\"@id\":\"https:\/\/dabatrip.com\/fr\/privacy-policy\/#breadcrumb\",\"itemListElement\":[{\"@type\":\"ListItem\",\"position\":1,\"name\":\"Accueil\",\"item\":\"https:\/\/dabatrip.com\/fr\/tour-home-page-2\/\"},{\"@type\":\"ListItem\",\"position\":2,\"name\":\"Protection des donn\u00e9es personnelles\"}]},{\"@type\":\"WebSite\",\"@id\":\"https:\/\/dabatrip.com\/fr\/#website\",\"url\":\"https:\/\/dabatrip.com\/fr\/\",\"name\":\"dabatrip\",\"description\":\"Votre aventure commence ici\",\"publisher\":{\"@id\":\"https:\/\/dabatrip.com\/fr\/#organization\"},\"alternateName\":\"tours and activites in morocco\",\"potentialAction\":[{\"@type\":\"SearchAction\",\"target\":{\"@type\":\"EntryPoint\",\"urlTemplate\":\"https:\/\/dabatrip.com\/fr\/?s={search_term_string}\"},\"query-input\":{\"@type\":\"PropertyValueSpecification\",\"valueRequired\":true,\"valueName\":\"search_term_string\"}}],\"inLanguage\":\"fr-FR\"},{\"@type\":\"Organization\",\"@id\":\"https:\/\/dabatrip.com\/fr\/#organization\",\"name\":\"Dabatrip.com\",\"url\":\"https:\/\/dabatrip.com\/fr\/\",\"logo\":{\"@type\":\"ImageObject\",\"inLanguage\":\"fr-FR\",\"@id\":\"https:\/\/dabatrip.com\/fr\/#\/schema\/logo\/image\/\",\"url\":\"https:\/\/dabatrip.com\/cdn\/2020\/10\/logodabatrip.svg\",\"contentUrl\":\"https:\/\/dabatrip.com\/cdn\/2020\/10\/logodabatrip.svg\",\"width\":57,\"height\":10,\"caption\":\"Dabatrip.com\"},\"image\":{\"@id\":\"https:\/\/dabatrip.com\/fr\/#\/schema\/logo\/image\/\"},\"sameAs\":[\"https:\/\/facebook.com\/dabatrip\",\"https:\/\/instagram.com\/dabatrip\",\"https:\/\/www.linkedin.com\/company\/geektrip\",\"https:\/\/youtube.com\/geektripma\"]}]}<\/script>\n<!-- \/ Yoast SEO plugin. -->","yoast_head_json":{"title":"Protection des donn\u00e9es personnelles - dabatrip","robots":{"index":"index","follow":"follow","max-snippet":"max-snippet:-1","max-image-preview":"max-image-preview:large","max-video-preview":"max-video-preview:-1"},"canonical":"https:\/\/dabatrip.com\/fr\/privacy-policy\/","og_locale":"fr_FR","og_type":"article","og_title":"Protection des donn\u00e9es personnelles - dabatrip","og_description":"Vos donn\u00e9es personnelles Aucune information personnelle n\u2019est collect\u00e9e \u00e0 votre insu. Dans une logique de respect de la vie priv\u00e9e,\u00a0DABATRIP\u00a0s\u2019engage \u00e0 ce que la collecte et le traitement d\u2019informations personnelles soient effectu\u00e9s conform\u00e9ment \u00e0 la loi n\u00a0\u00b0\u00a009-08 du 18 f\u00e9vrier 2009 relative \u00e0 la protection des personnes physiques \u00e0 l\u2019\u00e9gard du traitement des donn\u00e9es \u00e0 [&hellip;]","og_url":"https:\/\/dabatrip.com\/fr\/privacy-policy\/","og_site_name":"dabatrip","article_publisher":"https:\/\/facebook.com\/dabatrip","article_modified_time":"2020-05-09T23:55:13+00:00","og_image":[{"width":1200,"height":900,"url":"http:\/\/dabatrip.com\/cdn\/2020\/01\/cover-search4.jpg","type":"image\/jpeg"}],"twitter_card":"summary_large_image","twitter_misc":{"Dur\u00e9e de lecture estim\u00e9e":"2 minutes"},"schema":{"@context":"https:\/\/schema.org","@graph":[{"@type":"WebPage","@id":"https:\/\/dabatrip.com\/fr\/privacy-policy\/","url":"https:\/\/dabatrip.com\/fr\/privacy-policy\/","name":"Protection des donn\u00e9es personnelles - dabatrip","isPartOf":{"@id":"https:\/\/dabatrip.com\/fr\/#website"},"primaryImageOfPage":{"@id":"https:\/\/dabatrip.com\/fr\/privacy-policy\/#primaryimage"},"image":{"@id":"https:\/\/dabatrip.com\/fr\/privacy-policy\/#primaryimage"},"thumbnailUrl":"https:\/\/dabatrip.com\/cdn\/2020\/01\/cover-search4.jpg","datePublished":"2019-05-16T11:43:13+00:00","dateModified":"2020-05-09T23:55:13+00:00","breadcrumb":{"@id":"https:\/\/dabatrip.com\/fr\/privacy-policy\/#breadcrumb"},"inLanguage":"fr-FR","potentialAction":[{"@type":"ReadAction","target":["https:\/\/dabatrip.com\/fr\/privacy-policy\/"]}]},{"@type":"ImageObject","inLanguage":"fr-FR","@id":"https:\/\/dabatrip.com\/fr\/privacy-policy\/#primaryimage","url":"https:\/\/dabatrip.com\/cdn\/2020\/01\/cover-search4.jpg","contentUrl":"https:\/\/dabatrip.com\/cdn\/2020\/01\/cover-search4.jpg","width":1200,"height":900},{"@type":"BreadcrumbList","@id":"https:\/\/dabatrip.com\/fr\/privacy-policy\/#breadcrumb","itemListElement":[{"@type":"ListItem","position":1,"name":"Accueil","item":"https:\/\/dabatrip.com\/fr\/tour-home-page-2\/"},{"@type":"ListItem","position":2,"name":"Protection des donn\u00e9es personnelles"}]},{"@type":"WebSite","@id":"https:\/\/dabatrip.com\/fr\/#website","url":"https:\/\/dabatrip.com\/fr\/","name":"dabatrip","description":"Votre aventure commence ici","publisher":{"@id":"https:\/\/dabatrip.com\/fr\/#organization"},"alternateName":"tours and activites in morocco","potentialAction":[{"@type":"SearchAction","target":{"@type":"EntryPoint","urlTemplate":"https:\/\/dabatrip.com\/fr\/?s={search_term_string}"},"query-input":{"@type":"PropertyValueSpecification","valueRequired":true,"valueName":"search_term_string"}}],"inLanguage":"fr-FR"},{"@type":"Organization","@id":"https:\/\/dabatrip.com\/fr\/#organization","name":"Dabatrip.com","url":"https:\/\/dabatrip.com\/fr\/","logo":{"@type":"ImageObject","inLanguage":"fr-FR","@id":"https:\/\/dabatrip.com\/fr\/#\/schema\/logo\/image\/","url":"https:\/\/dabatrip.com\/cdn\/2020\/10\/logodabatrip.svg","contentUrl":"https:\/\/dabatrip.com\/cdn\/2020\/10\/logodabatrip.svg","width":57,"height":10,"caption":"Dabatrip.com"},"image":{"@id":"https:\/\/dabatrip.com\/fr\/#\/schema\/logo\/image\/"},"sameAs":["https:\/\/facebook.com\/dabatrip","https:\/\/instagram.com\/dabatrip","https:\/\/www.linkedin.com\/company\/geektrip","https:\/\/youtube.com\/geektripma"]}]}},"_links":{"self":[{"href":"https:\/\/dabatrip.com\/fr\/wp-json\/wp\/v2\/pages\/3","targetHints":{"allow":["GET"]}}],"collection":[{"href":"https:\/\/dabatrip.com\/fr\/wp-json\/wp\/v2\/pages"}],"about":[{"href":"https:\/\/dabatrip.com\/fr\/wp-json\/wp\/v2\/types\/page"}],"author":[{"embeddable":true,"href":"https:\/\/dabatrip.com\/fr\/wp-json\/wp\/v2\/users\/1"}],"replies":[{"embeddable":true,"href":"https:\/\/dabatrip.com\/fr\/wp-json\/wp\/v2\/comments?post=3"}],"version-history":[{"count":0,"href":"https:\/\/dabatrip.com\/fr\/wp-json\/wp\/v2\/pages\/3\/revisions"}],"wp:featuredmedia":[{"embeddable":true,"href":"https:\/\/dabatrip.com\/fr\/wp-json\/wp\/v2\/media\/9906"}],"wp:attachment":[{"href":"https:\/\/dabatrip.com\/fr\/wp-json\/wp\/v2\/media?parent=3"}],"curies":[{"name":"wp","href":"https:\/\/api.w.org\/{rel}","templated":true}]}}