{"id":8208,"date":"2019-01-11T08:32:35","date_gmt":"2019-01-11T08:32:35","guid":{"rendered":"https:\/\/shinetheme.com\/travelerdata\/tour\/?page_id=8208"},"modified":"2021-08-12T11:53:13","modified_gmt":"2021-08-12T11:53:13","slug":"partenaire","status":"publish","type":"page","link":"https:\/\/dabatrip.com\/fr\/partenaire\/","title":{"rendered":"Devenir partenaire"},"content":{"rendered":"<p>[vc_row full_width=&#8221;stretch_row_content_no_spaces&#8221; css=&#8221;.vc_custom_1565721220378{padding-top: 150px !important;padding-bottom: 150px !important;background-image: url(http:\/\/dabatrip.com\/cdn\/2019\/08\/partner5.jpg?id=8804) !important;background-position: center !important;background-repeat: no-repeat !important;background-size: cover !important;}&#8221; el_class=&#8221;text-center st-become-banner&#8221;][vc_column][vc_column_text css=&#8221;.vc_custom_1565721812306{background-color: rgba(12,12,12,0.01) !important;*background-color: rgb(12,12,12) !important;}&#8221;]<\/p>\n<h2 style=\"text-align: center;\"><span style=\"color: #ffffff;\">Exp\u00e9riences Dabatrip !<br \/>\n<\/span><\/h2>\n<h4 style=\"text-align: center;\"><span style=\"color: #ffffff;\">Faites conna\u00eetre vos destinations, vos passions et vos activit\u00e9s&#8230;<\/span><\/h4>\n<p>[\/vc_column_text][vc_column_text]<a class=\"signup btn btn-danger btn-lg\" rel=\"noopener noreferrer\" data-toggle=\"modal\" data-target=\"#st-register-form\">S&#8217;inscrire maintenant<\/a><\/p>\n<p>[\/vc_column_text][\/vc_column][\/vc_row][vc_row][vc_column][vc_empty_space height=&#8221;45px&#8221;][vc_column_text]<\/p>\n<h2 style=\"text-align: center;\"><strong>Comment \u00e7a marche ?\u00a0<\/strong><\/h2>\n<p>[\/vc_column_text][vc_empty_space height=&#8221;10px&#8221;][\/vc_column][\/vc_row][vc_row el_class=&#8221;st-number-box&#8221;][vc_column width=&#8221;1\/3&#8243;][vc_row_inner][vc_column_inner width=&#8221;1\/4&#8243;][vc_column_text el_class=&#8221;st-number-circle&#8221;]1[\/vc_column_text][\/vc_column_inner][vc_column_inner width=&#8221;3\/4&#8243;][vc_column_text]<\/p>\n<h3>Inscription<\/h3>\n<p>Inscrivez-vous d\u00e8s maintenant en tant que partenaire.[\/vc_column_text][\/vc_column_inner][\/vc_row_inner][\/vc_column][vc_column width=&#8221;1\/3&#8243;][vc_row_inner][vc_column_inner width=&#8221;1\/4&#8243;][vc_column_text el_class=&#8221;st-number-circle&#8221;]2[\/vc_column_text][\/vc_column_inner][vc_column_inner width=&#8221;3\/4&#8243;][vc_column_text]<\/p>\n<h3>Proposez vos services<\/h3>\n<p>Vous g\u00e9rez une activit\u00e9, guide touristique ou encore agent de voyage? Publiez vos prestations sur Dabatrip afin de b\u00e9n\u00e9ficier d&#8217;un r\u00e9f\u00e9rencement \u00e0 l&#8217;\u00e9chelle nationale.[\/vc_column_text][\/vc_column_inner][\/vc_row_inner][\/vc_column][vc_column width=&#8221;1\/3&#8243;][vc_row_inner][vc_column_inner width=&#8221;1\/4&#8243;][vc_column_text el_class=&#8221;st-number-circle&#8221;]3[\/vc_column_text][\/vc_column_inner][vc_column_inner width=&#8221;3\/4&#8243;][vc_column_text]<\/p>\n<h3>G\u00e9rez vos r\u00e9servations<\/h3>\n<p>Vous aurez la possibilit\u00e9 de recevoir et de g\u00e9rer les r\u00e9servations effectu\u00e9es par vos clients \u00e0 travers un espace d\u00e9di\u00e9.[\/vc_column_text][\/vc_column_inner][\/vc_row_inner][\/vc_column][\/vc_row][vc_row el_class=&#8221;st-become-feature-wrapper text-center&#8221;][vc_column][vc_empty_space height=&#8221;20px&#8221;][st_video_new link=&#8221;https:\/\/www.youtube.com\/watch?v=TK8eGURObKo&#8221; background_image=&#8221;9909&#8243; label_video=&#8221;Partagez vos services et vos activit\u00e9s&#8221;][vc_empty_space height=&#8221;40px&#8221;][vc_column_text]<\/p>\n<h2 style=\"text-align: center;\">Pourquoi devenir partenaire ?<\/h2>\n<p>[\/vc_column_text][vc_empty_space height=&#8221;15px&#8221;][vc_row_inner el_class=&#8221;st-become-feature text-center&#8221;][vc_column_inner el_class=&#8221;column1&#8243; width=&#8221;1\/3&#8243;][vc_single_image image=&#8221;8809&#8243; img_size=&#8221;full&#8221; alignment=&#8221;center&#8221;][vc_column_text]<\/p>\n<h3>Gagner de l&#8217;argent.<\/h3>\n<p>[\/vc_column_text][vc_column_text]Qui dit client, dit r\u00e9mun\u00e9ration. La mise en ligne de votre prestation vous permettra d&#8217;amasser une certaine somme d&#8217;argent.[\/vc_column_text][\/vc_column_inner][vc_column_inner width=&#8221;1\/3&#8243;][vc_single_image image=&#8221;8810&#8243; img_size=&#8221;full&#8221; alignment=&#8221;center&#8221;][vc_column_text]<\/p>\n<h3>\u00catre en ligne.<\/h3>\n<p>[\/vc_column_text][vc_column_text]Augmentez votre visibilit\u00e9, obtenez des avis, des commentaires et des retours sur vos prestations et restez en contact direct avec vos clients.[\/vc_column_text][\/vc_column_inner][vc_column_inner width=&#8221;1\/3&#8243;][vc_single_image image=&#8221;8834&#8243; img_size=&#8221;full&#8221; alignment=&#8221;center&#8221;][vc_column_text]<\/p>\n<h3>Certification Dabatrip.<\/h3>\n<p>[\/vc_column_text][vc_column_text]Les partenaires Dabatrip b\u00e9n\u00e9ficieront d&#8217;un badge certifiant l&#8217;authenticit\u00e9 des prestations propos\u00e9es.[\/vc_column_text][\/vc_column_inner][\/vc_row_inner][vc_empty_space height=&#8221;15px&#8221;][vc_column_text]<a class=\"signup btn btn-danger btn-lg\" rel=\"noopener noreferrer\" data-toggle=\"modal\" data-target=\"#st-register-form\">S&#8217;inscrire maintenant<\/a>[\/vc_column_text][vc_empty_space height=&#8221;45px&#8221;][vc_separator border_width=&#8221;2&#8243;][vc_empty_space height=&#8221;1px&#8221;][vc_column_text]<\/p>\n<h2 style=\"text-align: center;\"><strong>FAQs<\/strong><\/h2>\n<p>[\/vc_column_text][\/vc_column][\/vc_row][vc_row el_class=&#8221;st-become-faqs&#8221;][vc_column width=&#8221;1\/2&#8243;][vc_column_text]<\/p>\n<h3><img decoding=\"async\" class=\"size-medium alignnone\" src=\"http:\/\/dabatrip.com\/cdn\/2019\/08\/ico_quest.png\" width=\"24\" height=\"24\" \/> Comment \u00eatre \u00e9ligible au partenariat ?<\/h3>\n<p>Afin de b\u00e9n\u00e9ficier du statut de partenaire, il vous faudra au pr\u00e9alable \u00eatre d\u00e9tenteur d&#8217;un bien, d&#8217;une agence de voyages, avoir la possibilit\u00e9 d&#8217;organiser des activit\u00e9s (parapente, surf, parachute..) ou encore \u00eatre guide.[\/vc_column_text][vc_empty_space height=&#8221;20px&#8221;][vc_separator][vc_empty_space height=&#8221;1px&#8221;][vc_column_text]<\/p>\n<h3><img decoding=\"async\" class=\"size-medium alignnone\" src=\"http:\/\/dabatrip.com\/cdn\/2019\/08\/ico_quest.png\" width=\"24\" height=\"24\" \/>\u00a0 Comment devenir partenaire v\u00e9rifi\u00e9 ?<\/h3>\n<p>Les partenaires v\u00e9rifi\u00e9s ont moins de chances de voir leurs annonces se voir refus\u00e9es et jouissent d&#8217;une meilleure visibilit\u00e9. Afin de devenir partenaire v\u00e9rifi\u00e9, il vous faudra ajouter votre carte d&#8217;identit\u00e9 nationale, joindre vos divers r\u00e9seaux sociaux ainsi que votre attestation Dabatrip.[\/vc_column_text][vc_empty_space height=&#8221;20px&#8221;][vc_separator][vc_empty_space height=&#8221;1px&#8221;][vc_column_text]<\/p>\n<h3><img decoding=\"async\" class=\"size-medium alignnone\" src=\"http:\/\/dabatrip.com\/cdn\/2019\/08\/ico_quest.png\" width=\"24\" height=\"24\" \/>\u00a0 Mes clients peuvent-ils me contacter et laisser des avis sur mes prestations ?<\/h3>\n<p>Effectivement, le client peut vous contacter et est amen\u00e9 \u00e0 noter sa prestation et \u00e0 donner son avis \u00e0 sa fin.[\/vc_column_text][\/vc_column][vc_column width=&#8221;1\/2&#8243;][vc_column_text]<\/p>\n<h3><img decoding=\"async\" class=\"size-medium alignnone\" src=\"http:\/\/dabatrip.com\/cdn\/2019\/08\/ico_quest.png\" width=\"24\" height=\"24\" \/> Comment devenir partenaire ?<\/h3>\n<p>Il vous faudra vous inscrire en remplissant le formulaire joint sur le site,<br \/>\nen cliquant sur : <strong><a class=\"st-aboutus-content\" rel=\"noopener noreferrer\" data-toggle=\"modal\" data-target=\"#st-register-form\"> S&#8217;inscrire maintenant\u00a0<\/a><\/strong> en choisissant <em>compte partenaire<\/em>[\/vc_column_text][vc_empty_space height=&#8221;40px&#8221;][vc_separator][vc_empty_space height=&#8221;1px&#8221;][vc_column_text]<\/p>\n<h3><img decoding=\"async\" class=\"size-medium alignnone\" src=\"http:\/\/dabatrip.com\/cdn\/2019\/08\/ico_quest.png\" width=\"24\" height=\"24\" \/>\u00a0 \u00a0Comment obtenir une attestation Dabatrip ?<\/h3>\n<p>Vous pourrez obtenir une certification Dabatrip en envoyant votre demande en fran\u00e7ais, anglais ou arabe par e-mail \u00e0 l&#8217;adresse suivante : <strong><em>certificate@dabatrip.ma, <\/em><\/strong>Vous y joindrez une description de votre service.[\/vc_column_text][vc_empty_space height=&#8221;20px&#8221;][vc_separator][vc_empty_space height=&#8221;1px&#8221;][vc_column_text]<\/p>\n<h3><img decoding=\"async\" class=\"size-medium alignnone\" src=\"http:\/\/dabatrip.com\/cdn\/2019\/08\/ico_quest.png\" width=\"24\" height=\"24\" \/>\u00a0 Mon service a-t-il besoin d&#8217;\u00eatre approuv\u00e9 par l&#8217;\u00e9quipe Dabatrip pour \u00eatre publi\u00e9 ?<\/h3>\n<p>En effet, les annonces sont pass\u00e9es au peigne fin par nos \u00e9quipes qui s&#8217;assurent que toutes les informations sont inscrites avant de publier l&#8217;annonce.[\/vc_column_text][\/vc_column][\/vc_row]<\/p>\n","protected":false},"excerpt":{"rendered":"<p>[vc_row full_width=&#8221;stretch_row_content_no_spaces&#8221; css=&#8221;.vc_custom_1565721220378{padding-top: 150px !important;padding-bottom: 150px !important;background-image: url(http:\/\/dabatrip.com\/cdn\/2019\/08\/partner5.jpg?id=8804) !important;background-position: center !important;background-repeat: no-repeat !important;background-size: cover !important;}&#8221; el_class=&#8221;text-center st-become-banner&#8221;][vc_column][vc_column_text css=&#8221;.vc_custom_1565721812306{background-color: rgba(12,12,12,0.01) !important;*background-color: rgb(12,12,12) !important;}&#8221;] Exp\u00e9riences Dabatrip ! Faites conna\u00eetre vos destinations, vos passions et vos activit\u00e9s&#8230; [\/vc_column_text][vc_column_text]S&#8217;inscrire maintenant [\/vc_column_text][\/vc_column][\/vc_row][vc_row][vc_column][vc_empty_space height=&#8221;45px&#8221;][vc_column_text] Comment \u00e7a marche ?\u00a0 [\/vc_column_text][vc_empty_space height=&#8221;10px&#8221;][\/vc_column][\/vc_row][vc_row el_class=&#8221;st-number-box&#8221;][vc_column width=&#8221;1\/3&#8243;][vc_row_inner][vc_column_inner width=&#8221;1\/4&#8243;][vc_column_text el_class=&#8221;st-number-circle&#8221;]1[\/vc_column_text][\/vc_column_inner][vc_column_inner width=&#8221;3\/4&#8243;][vc_column_text] Inscription Inscrivez-vous d\u00e8s maintenant en tant [&hellip;]<\/p>\n","protected":false},"author":1,"featured_media":8794,"parent":0,"menu_order":0,"comment_status":"closed","ping_status":"closed","template":"template-home-modern.php","meta":{"footnotes":""},"class_list":["post-8208","page","type-page","status-publish","has-post-thumbnail","hentry"],"yoast_head":"<!-- This site is optimized with the Yoast SEO plugin v24.0 - https:\/\/yoast.com\/wordpress\/plugins\/seo\/ -->\n<title>Devenir partenaire - dabatrip<\/title>\n<meta name=\"robots\" content=\"index, follow, max-snippet:-1, max-image-preview:large, max-video-preview:-1\" \/>\n<link rel=\"canonical\" href=\"https:\/\/dabatrip.com\/fr\/partenaire\/\" \/>\n<meta property=\"og:locale\" content=\"fr_FR\" \/>\n<meta property=\"og:type\" content=\"article\" \/>\n<meta property=\"og:title\" content=\"Devenir partenaire - dabatrip\" \/>\n<meta property=\"og:description\" content=\"[vc_row full_width=&#8221;stretch_row_content_no_spaces&#8221; css=&#8221;.vc_custom_1565721220378{padding-top: 150px !important;padding-bottom: 150px !important;background-image: url(http:\/\/dabatrip.com\/cdn\/2019\/08\/partner5.jpg?id=8804) !important;background-position: center !important;background-repeat: no-repeat !important;background-size: cover !important;}&#8221; el_class=&#8221;text-center st-become-banner&#8221;][vc_column][vc_column_text css=&#8221;.vc_custom_1565721812306{background-color: rgba(12,12,12,0.01) !important;*background-color: rgb(12,12,12) !important;}&#8221;] Exp\u00e9riences Dabatrip ! Faites conna\u00eetre vos destinations, vos passions et vos activit\u00e9s&#8230; [\/vc_column_text][vc_column_text]S&#8217;inscrire maintenant [\/vc_column_text][\/vc_column][\/vc_row][vc_row][vc_column][vc_empty_space height=&#8221;45px&#8221;][vc_column_text] Comment \u00e7a marche ?\u00a0 [\/vc_column_text][vc_empty_space height=&#8221;10px&#8221;][\/vc_column][\/vc_row][vc_row el_class=&#8221;st-number-box&#8221;][vc_column width=&#8221;1\/3&#8243;][vc_row_inner][vc_column_inner width=&#8221;1\/4&#8243;][vc_column_text el_class=&#8221;st-number-circle&#8221;]1[\/vc_column_text][\/vc_column_inner][vc_column_inner width=&#8221;3\/4&#8243;][vc_column_text] Inscription Inscrivez-vous d\u00e8s maintenant en tant [&hellip;]\" \/>\n<meta property=\"og:url\" content=\"https:\/\/dabatrip.com\/fr\/partenaire\/\" \/>\n<meta property=\"og:site_name\" content=\"dabatrip\" \/>\n<meta property=\"article:publisher\" content=\"https:\/\/facebook.com\/dabatrip\" \/>\n<meta property=\"article:modified_time\" content=\"2021-08-12T11:53:13+00:00\" \/>\n<meta property=\"og:image\" content=\"http:\/\/dabatrip.com\/cdn\/2019\/08\/bg-partner.jpg\" \/>\n\t<meta property=\"og:image:width\" content=\"1200\" \/>\n\t<meta property=\"og:image:height\" content=\"900\" \/>\n\t<meta property=\"og:image:type\" content=\"image\/jpeg\" \/>\n<meta name=\"twitter:card\" content=\"summary_large_image\" \/>\n<meta name=\"twitter:label1\" content=\"Dur\u00e9e de lecture estim\u00e9e\" \/>\n\t<meta name=\"twitter:data1\" content=\"4 minutes\" \/>\n<script type=\"application\/ld+json\" class=\"yoast-schema-graph\">{\"@context\":\"https:\/\/schema.org\",\"@graph\":[{\"@type\":\"WebPage\",\"@id\":\"https:\/\/dabatrip.com\/fr\/partenaire\/\",\"url\":\"https:\/\/dabatrip.com\/fr\/partenaire\/\",\"name\":\"Devenir partenaire - dabatrip\",\"isPartOf\":{\"@id\":\"https:\/\/dabatrip.com\/fr\/#website\"},\"primaryImageOfPage\":{\"@id\":\"https:\/\/dabatrip.com\/fr\/partenaire\/#primaryimage\"},\"image\":{\"@id\":\"https:\/\/dabatrip.com\/fr\/partenaire\/#primaryimage\"},\"thumbnailUrl\":\"https:\/\/dabatrip.com\/cdn\/2019\/08\/bg-partner.jpg\",\"datePublished\":\"2019-01-11T08:32:35+00:00\",\"dateModified\":\"2021-08-12T11:53:13+00:00\",\"breadcrumb\":{\"@id\":\"https:\/\/dabatrip.com\/fr\/partenaire\/#breadcrumb\"},\"inLanguage\":\"fr-FR\",\"potentialAction\":[{\"@type\":\"ReadAction\",\"target\":[\"https:\/\/dabatrip.com\/fr\/partenaire\/\"]}]},{\"@type\":\"ImageObject\",\"inLanguage\":\"fr-FR\",\"@id\":\"https:\/\/dabatrip.com\/fr\/partenaire\/#primaryimage\",\"url\":\"https:\/\/dabatrip.com\/cdn\/2019\/08\/bg-partner.jpg\",\"contentUrl\":\"https:\/\/dabatrip.com\/cdn\/2019\/08\/bg-partner.jpg\",\"width\":1200,\"height\":900},{\"@type\":\"BreadcrumbList\",\"@id\":\"https:\/\/dabatrip.com\/fr\/partenaire\/#breadcrumb\",\"itemListElement\":[{\"@type\":\"ListItem\",\"position\":1,\"name\":\"Accueil\",\"item\":\"https:\/\/dabatrip.com\/fr\/tour-home-page-2\/\"},{\"@type\":\"ListItem\",\"position\":2,\"name\":\"Devenir partenaire\"}]},{\"@type\":\"WebSite\",\"@id\":\"https:\/\/dabatrip.com\/fr\/#website\",\"url\":\"https:\/\/dabatrip.com\/fr\/\",\"name\":\"dabatrip\",\"description\":\"Votre aventure commence ici\",\"publisher\":{\"@id\":\"https:\/\/dabatrip.com\/fr\/#organization\"},\"alternateName\":\"tours and activites in morocco\",\"potentialAction\":[{\"@type\":\"SearchAction\",\"target\":{\"@type\":\"EntryPoint\",\"urlTemplate\":\"https:\/\/dabatrip.com\/fr\/?s={search_term_string}\"},\"query-input\":{\"@type\":\"PropertyValueSpecification\",\"valueRequired\":true,\"valueName\":\"search_term_string\"}}],\"inLanguage\":\"fr-FR\"},{\"@type\":\"Organization\",\"@id\":\"https:\/\/dabatrip.com\/fr\/#organization\",\"name\":\"Dabatrip.com\",\"url\":\"https:\/\/dabatrip.com\/fr\/\",\"logo\":{\"@type\":\"ImageObject\",\"inLanguage\":\"fr-FR\",\"@id\":\"https:\/\/dabatrip.com\/fr\/#\/schema\/logo\/image\/\",\"url\":\"https:\/\/dabatrip.com\/cdn\/2020\/10\/logodabatrip.svg\",\"contentUrl\":\"https:\/\/dabatrip.com\/cdn\/2020\/10\/logodabatrip.svg\",\"width\":57,\"height\":10,\"caption\":\"Dabatrip.com\"},\"image\":{\"@id\":\"https:\/\/dabatrip.com\/fr\/#\/schema\/logo\/image\/\"},\"sameAs\":[\"https:\/\/facebook.com\/dabatrip\",\"https:\/\/instagram.com\/dabatrip\",\"https:\/\/www.linkedin.com\/company\/geektrip\",\"https:\/\/youtube.com\/geektripma\"]}]}<\/script>\n<!-- \/ Yoast SEO plugin. -->","yoast_head_json":{"title":"Devenir partenaire - dabatrip","robots":{"index":"index","follow":"follow","max-snippet":"max-snippet:-1","max-image-preview":"max-image-preview:large","max-video-preview":"max-video-preview:-1"},"canonical":"https:\/\/dabatrip.com\/fr\/partenaire\/","og_locale":"fr_FR","og_type":"article","og_title":"Devenir partenaire - dabatrip","og_description":"[vc_row full_width=&#8221;stretch_row_content_no_spaces&#8221; css=&#8221;.vc_custom_1565721220378{padding-top: 150px !important;padding-bottom: 150px !important;background-image: url(http:\/\/dabatrip.com\/cdn\/2019\/08\/partner5.jpg?id=8804) !important;background-position: center !important;background-repeat: no-repeat !important;background-size: cover !important;}&#8221; el_class=&#8221;text-center st-become-banner&#8221;][vc_column][vc_column_text css=&#8221;.vc_custom_1565721812306{background-color: rgba(12,12,12,0.01) !important;*background-color: rgb(12,12,12) !important;}&#8221;] Exp\u00e9riences Dabatrip ! Faites conna\u00eetre vos destinations, vos passions et vos activit\u00e9s&#8230; [\/vc_column_text][vc_column_text]S&#8217;inscrire maintenant [\/vc_column_text][\/vc_column][\/vc_row][vc_row][vc_column][vc_empty_space height=&#8221;45px&#8221;][vc_column_text] Comment \u00e7a marche ?\u00a0 [\/vc_column_text][vc_empty_space height=&#8221;10px&#8221;][\/vc_column][\/vc_row][vc_row el_class=&#8221;st-number-box&#8221;][vc_column width=&#8221;1\/3&#8243;][vc_row_inner][vc_column_inner width=&#8221;1\/4&#8243;][vc_column_text el_class=&#8221;st-number-circle&#8221;]1[\/vc_column_text][\/vc_column_inner][vc_column_inner width=&#8221;3\/4&#8243;][vc_column_text] Inscription Inscrivez-vous d\u00e8s maintenant en tant [&hellip;]","og_url":"https:\/\/dabatrip.com\/fr\/partenaire\/","og_site_name":"dabatrip","article_publisher":"https:\/\/facebook.com\/dabatrip","article_modified_time":"2021-08-12T11:53:13+00:00","og_image":[{"width":1200,"height":900,"url":"http:\/\/dabatrip.com\/cdn\/2019\/08\/bg-partner.jpg","type":"image\/jpeg"}],"twitter_card":"summary_large_image","twitter_misc":{"Dur\u00e9e de lecture estim\u00e9e":"4 minutes"},"schema":{"@context":"https:\/\/schema.org","@graph":[{"@type":"WebPage","@id":"https:\/\/dabatrip.com\/fr\/partenaire\/","url":"https:\/\/dabatrip.com\/fr\/partenaire\/","name":"Devenir partenaire - dabatrip","isPartOf":{"@id":"https:\/\/dabatrip.com\/fr\/#website"},"primaryImageOfPage":{"@id":"https:\/\/dabatrip.com\/fr\/partenaire\/#primaryimage"},"image":{"@id":"https:\/\/dabatrip.com\/fr\/partenaire\/#primaryimage"},"thumbnailUrl":"https:\/\/dabatrip.com\/cdn\/2019\/08\/bg-partner.jpg","datePublished":"2019-01-11T08:32:35+00:00","dateModified":"2021-08-12T11:53:13+00:00","breadcrumb":{"@id":"https:\/\/dabatrip.com\/fr\/partenaire\/#breadcrumb"},"inLanguage":"fr-FR","potentialAction":[{"@type":"ReadAction","target":["https:\/\/dabatrip.com\/fr\/partenaire\/"]}]},{"@type":"ImageObject","inLanguage":"fr-FR","@id":"https:\/\/dabatrip.com\/fr\/partenaire\/#primaryimage","url":"https:\/\/dabatrip.com\/cdn\/2019\/08\/bg-partner.jpg","contentUrl":"https:\/\/dabatrip.com\/cdn\/2019\/08\/bg-partner.jpg","width":1200,"height":900},{"@type":"BreadcrumbList","@id":"https:\/\/dabatrip.com\/fr\/partenaire\/#breadcrumb","itemListElement":[{"@type":"ListItem","position":1,"name":"Accueil","item":"https:\/\/dabatrip.com\/fr\/tour-home-page-2\/"},{"@type":"ListItem","position":2,"name":"Devenir partenaire"}]},{"@type":"WebSite","@id":"https:\/\/dabatrip.com\/fr\/#website","url":"https:\/\/dabatrip.com\/fr\/","name":"dabatrip","description":"Votre aventure commence ici","publisher":{"@id":"https:\/\/dabatrip.com\/fr\/#organization"},"alternateName":"tours and activites in morocco","potentialAction":[{"@type":"SearchAction","target":{"@type":"EntryPoint","urlTemplate":"https:\/\/dabatrip.com\/fr\/?s={search_term_string}"},"query-input":{"@type":"PropertyValueSpecification","valueRequired":true,"valueName":"search_term_string"}}],"inLanguage":"fr-FR"},{"@type":"Organization","@id":"https:\/\/dabatrip.com\/fr\/#organization","name":"Dabatrip.com","url":"https:\/\/dabatrip.com\/fr\/","logo":{"@type":"ImageObject","inLanguage":"fr-FR","@id":"https:\/\/dabatrip.com\/fr\/#\/schema\/logo\/image\/","url":"https:\/\/dabatrip.com\/cdn\/2020\/10\/logodabatrip.svg","contentUrl":"https:\/\/dabatrip.com\/cdn\/2020\/10\/logodabatrip.svg","width":57,"height":10,"caption":"Dabatrip.com"},"image":{"@id":"https:\/\/dabatrip.com\/fr\/#\/schema\/logo\/image\/"},"sameAs":["https:\/\/facebook.com\/dabatrip","https:\/\/instagram.com\/dabatrip","https:\/\/www.linkedin.com\/company\/geektrip","https:\/\/youtube.com\/geektripma"]}]}},"_links":{"self":[{"href":"https:\/\/dabatrip.com\/fr\/wp-json\/wp\/v2\/pages\/8208","targetHints":{"allow":["GET"]}}],"collection":[{"href":"https:\/\/dabatrip.com\/fr\/wp-json\/wp\/v2\/pages"}],"about":[{"href":"https:\/\/dabatrip.com\/fr\/wp-json\/wp\/v2\/types\/page"}],"author":[{"embeddable":true,"href":"https:\/\/dabatrip.com\/fr\/wp-json\/wp\/v2\/users\/1"}],"replies":[{"embeddable":true,"href":"https:\/\/dabatrip.com\/fr\/wp-json\/wp\/v2\/comments?post=8208"}],"version-history":[{"count":0,"href":"https:\/\/dabatrip.com\/fr\/wp-json\/wp\/v2\/pages\/8208\/revisions"}],"wp:featuredmedia":[{"embeddable":true,"href":"https:\/\/dabatrip.com\/fr\/wp-json\/wp\/v2\/media\/8794"}],"wp:attachment":[{"href":"https:\/\/dabatrip.com\/fr\/wp-json\/wp\/v2\/media?parent=8208"}],"curies":[{"name":"wp","href":"https:\/\/api.w.org\/{rel}","templated":true}]}}